{"id":11,"date":"2010-05-10T20:02:48","date_gmt":"2010-05-10T17:02:48","guid":{"rendered":"http:\/\/www.schulverein-wolfbuschschule.de\/wordpress\/?page_id=11"},"modified":"2022-07-14T16:40:28","modified_gmt":"2022-07-14T14:40:28","slug":"ziele","status":"publish","type":"page","link":"http:\/\/www.schulverein-wolfbuschschule.de\/wordpress\/der-verein\/ziele\/","title":{"rendered":"Ziele"},"content":{"rendered":"<p>Der Schulf\u00f6rderverein beteiligt sich im Stadtbezirk an vielf\u00e4ltigen Veranstaltungen bzw. organisiert selbst Veranstaltungen.<\/p>\n<p>Wie Sie sehen, reicht der Mitgliedsbeitrag bei weitem nicht aus, solche Betr\u00e4ge wie sie bereits f\u00fcr Anschaffungen an der Schule investiert wurden zusammen zu bekommen.<\/p>\n<p>Verschiedene Veranstaltungen wie:<\/p>\n<ul>\n<li>Schulfeste<\/li>\n<li>Tag der offenen T\u00fcr<\/li>\n<li>Jazz &#8211; Fr\u00fchschoppen (bis 2013)<\/li>\n<li>Weihnachtsmarkt in Weilimdorf<\/li>\n<li>Einschulungsfeier \/ Feiern der Abschlussklassen<\/li>\n<li>sowie gro\u00dfz\u00fcgige <a title=\"Sponsoren\" href=\"http:\/\/www.schulverein-wolfbuschschule.de\/wordpress\/?page_id=23\">Sponsoren <\/a>(die immer erst gefunden werden m\u00fcssen)<\/li>\n<\/ul>\n<p>erg\u00e4nzen die Kasse des Schulvereins.Wenn auch Sie uns helfen wollen, damit der Schulverein weiterhin f\u00fcr die Wolfbuschschule unterst\u00fctzend t\u00e4tig sein kann, dann werden Sie <a href=\"http:\/\/www.schulverein-wolfbuschschule.de\/wordpress\/?page_id=120\">Mitglied <\/a>im Schulverein unserer Schule, zum Wohle Ihrer Kinder und der Wolfbuschschule.<\/p>\n<p>Die Schule ist &#8218;Ganztagesschule&#8216; .\u00a0 \u00a0Auch gibt es wahlweise den &#8218;Halbtagesbetrieb&#8216;\u00a0 = verl\u00e4ssliche Grundschule.<\/p>\n<p>Im Fr\u00fchjahr 2021 wurde die neue Mensa er\u00f6ffnet.\u00a0 Der Schulverein beteiligt sich an der medialen Ausstattung der Mensa (Lichtbr\u00fccke, Tonanlage).<\/p>\n","protected":false},"excerpt":{"rendered":"<p>Der Schulf\u00f6rderverein beteiligt sich im Stadtbezirk an vielf\u00e4ltigen Veranstaltungen bzw. organisiert selbst Veranstaltungen. Wie Sie sehen, reicht der Mitgliedsbeitrag bei weitem nicht aus, solche Betr\u00e4ge wie sie bereits f\u00fcr Anschaffungen [&hellip;]<\/p>\n","protected":false},"author":1,"featured_media":0,"parent":7,"menu_order":0,"comment_status":"closed","ping_status":"closed","template":"","meta":{"footnotes":"","_links_to":"","_links_to_target":""},"class_list":["post-11","page","type-page","status-publish","hentry"],"_links":{"self":[{"href":"http:\/\/www.schulverein-wolfbuschschule.de\/wordpress\/wp-json\/wp\/v2\/pages\/11","targetHints":{"allow":["GET"]}}],"collection":[{"href":"http:\/\/www.schulverein-wolfbuschschule.de\/wordpress\/wp-json\/wp\/v2\/pages"}],"about":[{"href":"http:\/\/www.schulverein-wolfbuschschule.de\/wordpress\/wp-json\/wp\/v2\/types\/page"}],"author":[{"embeddable":true,"href":"http:\/\/www.schulverein-wolfbuschschule.de\/wordpress\/wp-json\/wp\/v2\/users\/1"}],"replies":[{"embeddable":true,"href":"http:\/\/www.schulverein-wolfbuschschule.de\/wordpress\/wp-json\/wp\/v2\/comments?post=11"}],"version-history":[{"count":23,"href":"http:\/\/www.schulverein-wolfbuschschule.de\/wordpress\/wp-json\/wp\/v2\/pages\/11\/revisions"}],"predecessor-version":[{"id":903,"href":"http:\/\/www.schulverein-wolfbuschschule.de\/wordpress\/wp-json\/wp\/v2\/pages\/11\/revisions\/903"}],"up":[{"embeddable":true,"href":"http:\/\/www.schulverein-wolfbuschschule.de\/wordpress\/wp-json\/wp\/v2\/pages\/7"}],"wp:attachment":[{"href":"http:\/\/www.schulverein-wolfbuschschule.de\/wordpress\/wp-json\/wp\/v2\/media?parent=11"}],"curies":[{"name":"wp","href":"https:\/\/api.w.org\/{rel}","templated":true}]}}