{"id":23,"date":"2010-05-10T21:32:56","date_gmt":"2010-05-10T18:32:56","guid":{"rendered":"http:\/\/www.schulverein-wolfbuschschule.de\/wordpress\/?page_id=23"},"modified":"2023-11-30T11:05:26","modified_gmt":"2023-11-30T10:05:26","slug":"sponsoren","status":"publish","type":"page","link":"http:\/\/www.schulverein-wolfbuschschule.de\/wordpress\/der-verein\/sponsoren\/","title":{"rendered":"Sponsoren"},"content":{"rendered":"<p>Unser Schulverein wird viele Jahre schon von folgenden Firmen aus Stuttgart &#8211; Weilimdorf unterst\u00fctzt:<\/p>\n<ul>\n<li>Kaufhaus L\u00f6wen Markt 5<\/li>\n<li>Scharr B\u00fcro &amp; Buch<\/li>\n<li>Siegle und Epple GmbH &amp; Co. KG Luft- und Klimatechnik<\/li>\n<li>Reiseb\u00fcro Binder<\/li>\n<li>Elektro Hummel<\/li>\n<li>Getr\u00e4nke Keck<\/li>\n<li>\u00a0Stadtapotheke\u00a0 Weilimdorf<\/li>\n<li>dm Drogeriemarkt\u00a0 Rennstra\u00dfe<\/li>\n<li>Solitude Apotheke<\/li>\n<li>VECTOR Stiftung\u00a0 \u00a0Stuttgart-Weilimdorf<\/li>\n<li>Loewen Records\u00a0 \u00a0Weilimdorf K\u00f6stlinstr. 1<\/li>\n<\/ul>\n<p>Wenn auch Sie uns unterst\u00fctzen wollen und hier genannt werden m\u00f6chten, dann nehmen Sie mit uns <a href=\"mailto:dieter.benz@schulverein-wolfbuschschule.de \">Kontakt <\/a>auf.<\/p>\n","protected":false},"excerpt":{"rendered":"<p>Unser Schulverein wird viele Jahre schon von folgenden Firmen aus Stuttgart &#8211; Weilimdorf unterst\u00fctzt: Kaufhaus L\u00f6wen Markt 5 Scharr B\u00fcro &amp; Buch Siegle und Epple GmbH &amp; Co. KG Luft- [&hellip;]<\/p>\n","protected":false},"author":1,"featured_media":0,"parent":7,"menu_order":0,"comment_status":"closed","ping_status":"closed","template":"","meta":{"footnotes":"","_links_to":"","_links_to_target":""},"class_list":["post-23","page","type-page","status-publish","hentry"],"_links":{"self":[{"href":"http:\/\/www.schulverein-wolfbuschschule.de\/wordpress\/wp-json\/wp\/v2\/pages\/23","targetHints":{"allow":["GET"]}}],"collection":[{"href":"http:\/\/www.schulverein-wolfbuschschule.de\/wordpress\/wp-json\/wp\/v2\/pages"}],"about":[{"href":"http:\/\/www.schulverein-wolfbuschschule.de\/wordpress\/wp-json\/wp\/v2\/types\/page"}],"author":[{"embeddable":true,"href":"http:\/\/www.schulverein-wolfbuschschule.de\/wordpress\/wp-json\/wp\/v2\/users\/1"}],"replies":[{"embeddable":true,"href":"http:\/\/www.schulverein-wolfbuschschule.de\/wordpress\/wp-json\/wp\/v2\/comments?post=23"}],"version-history":[{"count":17,"href":"http:\/\/www.schulverein-wolfbuschschule.de\/wordpress\/wp-json\/wp\/v2\/pages\/23\/revisions"}],"predecessor-version":[{"id":988,"href":"http:\/\/www.schulverein-wolfbuschschule.de\/wordpress\/wp-json\/wp\/v2\/pages\/23\/revisions\/988"}],"up":[{"embeddable":true,"href":"http:\/\/www.schulverein-wolfbuschschule.de\/wordpress\/wp-json\/wp\/v2\/pages\/7"}],"wp:attachment":[{"href":"http:\/\/www.schulverein-wolfbuschschule.de\/wordpress\/wp-json\/wp\/v2\/media?parent=23"}],"curies":[{"name":"wp","href":"https:\/\/api.w.org\/{rel}","templated":true}]}}