{"id":60,"date":"2010-05-15T15:52:15","date_gmt":"2010-05-15T13:52:15","guid":{"rendered":"http:\/\/www.schulverein-wolfbuschschule.de\/wordpress\/?page_id=60"},"modified":"2025-10-23T22:55:48","modified_gmt":"2025-10-23T20:55:48","slug":"impressum","status":"publish","type":"page","link":"http:\/\/www.schulverein-wolfbuschschule.de\/wordpress\/impressum\/","title":{"rendered":"Impressum \/ Datenschutz"},"content":{"rendered":"<p><strong>Postanschrift:<\/strong><\/p>\n<p><strong>Schulverein der Wolfbuschschule e.V.<br \/>\n<\/strong>K\u00f6stlinstr. 76<br \/>\n70499 Stuttgart<\/p>\n<p>Verantwortlich f\u00fcr diese Website: Franziska Seitz<\/p>\n<p>webmaster: Franziska Seitz [schulverein-wolfbuschschule@web.de]<\/p>\n<p>_______________________________________________________________<\/p>\n<p><strong>Impressum<\/strong><\/p>\n<p>Die Inhalte unserer Seiten wurden mit gr\u00f6\u00dfter Sorgfalt erstellt. F\u00fcr die Richtigkeit, Vollst\u00e4ndigkeit und Aktualit\u00e4t der Inhalte k\u00f6nnen wir jedoch keine Gew\u00e4hr \u00fcbernehmen.<\/p>\n<p>Unsere Website enth\u00e4lt Links zu externen Webseiten Dritter, auf deren Inhalte wir keinen Einfluss haben. Deshalb k\u00f6nnen wir f\u00fcr diese fremden Inhalte auch keine Gew\u00e4hr \u00fcbernehmen. F\u00fcr die Inhalte der verlinkten Seiten ist stets der jeweilige Anbieter oder Betreiber der Seiten verantwortlich.<\/p>\n<p>Der Nutzung von im Rahmen der Impressumspflicht ver\u00f6ffentlichten Kontaktdaten durch Dritte zur \u00dcbersendung von nicht ausdr\u00fccklich angeforderter Werbung und Informationsmaterialien wird hiermit ausdr\u00fccklich widersprochen. Die Betreiber der Seiten behalten sich ausdr\u00fccklich rechtliche Schritte im Falle der unverlangten Zusendung von Werbeinformationen, etwa durch Spam-Mails, vor.<\/p>\n<p><strong><span style=\"text-decoration: underline;\">Datenschutz <\/span><\/strong><\/p>\n<p>Die Verarbeitung der in das <strong>Kontaktformular\/Beitrittserkl\u00e4rung<\/strong> eingegebenen Daten erfolgt ausschlie\u00dflich auf Grundlage Ihrer Einwilligung (Art. 6 Abs. 1 lit. a DSGVO). Ein Widerruf Ihrer bereits erteilten Einwilligung ist jederzeit m\u00f6glich. F\u00fcr den Widerruf gen\u00fcgt eine formlose Mitteilung per E-Mail. Die Rechtm\u00e4\u00dfigkeit der bis zum Widerruf erfolgten Datenverarbeitungsvorg\u00e4nge bleibt vom Widerruf unber\u00fchrt.<\/p>\n<p><strong>Erfassung von Daten<\/strong> Sie k\u00f6nnen dieses Internetangebot grunds\u00e4tzlich ohne Offenlegung Ihrer pers\u00f6nlichen Daten nutzen. Es findet keine personenbezogene Auswertung der Informationen statt, die wir durch den Aufruf dieses Internetangebots erlangen. Personenbezogene Daten werden nur erhoben, wenn Sie diese von sich aus zur Verf\u00fcgung stellen, beispielsweise im Rahmen einer Registrierung, durch das Ausf\u00fcllen von Formularen oder das Versenden von E-Mails. Es unterliegt Ihrer freien Entscheidung, ob Sie diese Daten zur Verf\u00fcgung stellen. Ihre Angaben speichern wir auf gesch\u00fctzten Servern in Deutschland. <strong>Zugriff auf das Internetangebot<\/strong> Jeder Zugriff auf unser Internetangebot wird protokolliert. Dabei werden folgende Daten erfasst und gespeichert: \u2013 IP-Adresse \u2013 Name der abgerufenen Datei \u2013 Datum und Uhrzeit des Abrufs \u2013 \u00fcbertragene Datenmenge \u2013 Meldung, ob der Abruf erfolgreich war Die gespeicherten Daten werden ausschlie\u00dflich zur Optimierung des Internetangebotes anonym ausgewertet.<\/p>\n<p><strong>Einsatz von Cookies <\/strong>\u00a0Auf bestimmten Seiten kommen Cookies zum Einsatz, ohne dass wir Sie darauf hinweisen k\u00f6nnen. Sie k\u00f6nnen in Ihrem Browser das Speichern von Cookies deaktivieren oder Ihren Browser so einstellen, dass Cookies nur f\u00fcr die Dauer der jeweiligen Verbindung zum Internet gespeichert werden.<\/p>\n<p><strong>Weitergabe personenbezogener Daten an Dritte <\/strong> Daten, die beim Zugriff auf unser Internetangebot protokolliert worden sind, werden an Dritte nur \u00fcbermittelt, soweit wir rechtlich dazu verpflichtet sind. Eine Weitergabe zu anderen nicht kommerziellen oder zu kommerziellen Zwecken erfolgt nicht.<\/p>\n<p><strong>Recht auf Auskunft und Widerruf, Berichtigung, Sperrung, L\u00f6schung<\/strong> Sie sind berechtigt, jederzeit Auskunft \u00fcber Ihre bei uns gespeicherten personenbezogenen Daten zu erhalten und deren Verwendung jederzeit mit Wirkung f\u00fcr die Zukunft zu widerrufen. Zus\u00e4tzlich haben Sie nach Ma\u00dfgabe der gesetzlichen Bestimmungen ein Recht auf Berichtigung, Sperrung und L\u00f6schung dieser personenbezogenen Daten.<\/p>\n","protected":false},"excerpt":{"rendered":"<p>Postanschrift: Schulverein der Wolfbuschschule e.V. K\u00f6stlinstr. 76 70499 Stuttgart Verantwortlich f\u00fcr diese Website: Franziska Seitz webmaster: Franziska Seitz [schulverein-wolfbuschschule@web.de] _______________________________________________________________ Impressum Die Inhalte unserer Seiten wurden mit gr\u00f6\u00dfter Sorgfalt erstellt. [&hellip;]<\/p>\n","protected":false},"author":1,"featured_media":0,"parent":0,"menu_order":10,"comment_status":"closed","ping_status":"closed","template":"","meta":{"footnotes":"","_links_to":"","_links_to_target":""},"class_list":["post-60","page","type-page","status-publish","hentry"],"_links":{"self":[{"href":"http:\/\/www.schulverein-wolfbuschschule.de\/wordpress\/wp-json\/wp\/v2\/pages\/60","targetHints":{"allow":["GET"]}}],"collection":[{"href":"http:\/\/www.schulverein-wolfbuschschule.de\/wordpress\/wp-json\/wp\/v2\/pages"}],"about":[{"href":"http:\/\/www.schulverein-wolfbuschschule.de\/wordpress\/wp-json\/wp\/v2\/types\/page"}],"author":[{"embeddable":true,"href":"http:\/\/www.schulverein-wolfbuschschule.de\/wordpress\/wp-json\/wp\/v2\/users\/1"}],"replies":[{"embeddable":true,"href":"http:\/\/www.schulverein-wolfbuschschule.de\/wordpress\/wp-json\/wp\/v2\/comments?post=60"}],"version-history":[{"count":10,"href":"http:\/\/www.schulverein-wolfbuschschule.de\/wordpress\/wp-json\/wp\/v2\/pages\/60\/revisions"}],"predecessor-version":[{"id":1161,"href":"http:\/\/www.schulverein-wolfbuschschule.de\/wordpress\/wp-json\/wp\/v2\/pages\/60\/revisions\/1161"}],"wp:attachment":[{"href":"http:\/\/www.schulverein-wolfbuschschule.de\/wordpress\/wp-json\/wp\/v2\/media?parent=60"}],"curies":[{"name":"wp","href":"https:\/\/api.w.org\/{rel}","templated":true}]}}