{"id":7,"date":"2010-05-10T19:59:52","date_gmt":"2010-05-10T16:59:52","guid":{"rendered":"http:\/\/www.schulverein-wolfbuschschule.de\/wordpress\/?page_id=7"},"modified":"2025-12-03T14:33:43","modified_gmt":"2025-12-03T13:33:43","slug":"der-verein","status":"publish","type":"page","link":"http:\/\/www.schulverein-wolfbuschschule.de\/wordpress\/der-verein\/","title":{"rendered":"Der Verein"},"content":{"rendered":"<p>Grundlegendes<\/p>\n<p>Unser Schulverein wurde 1991 gegr\u00fcndet und hat den Zweck, die Erziehungs- und Bildungsarbeit an der Wolfbuschschule ideell und materiell zu f\u00f6rdern und zu unterst\u00fctzen. Er ist laut Satzung ein gemeinn\u00fctziger F\u00f6rderverein.<\/p>\n<p>Der Schulverein stellt Sach- und Geldmittel f\u00fcr zus\u00e4tzliche oder erg\u00e4nzende Anschaffungen zu Verf\u00fcgung, f\u00fcr die die \u00f6ffentliche Hand keine oder nur teilweise Mittel bereitstellt. Wir sind als gemeinn\u00fctzig anerkannt und somit berechtigt Ihnen eine Spendenbescheinigung auszustellen.<\/p>\n<p>Insbesondere will der Verein die Gemeinschaft zwischen Schule, Eltern, Sch\u00fclern, ehemaligen Sch\u00fclern und Freunden der Schule erhalten und ausbauen.<br \/>\nDieser Zweck soll unter anderem der Unterst\u00fctzung und Organisation von kulturellen, sportlichen und sozialen Gemeinschafts- sowie Informationsveranstaltungen innerhalb und au\u00dferhalb der Schule dienen.<\/p>\n<p>Zur Zeit haben wir 263\u00a0 Mitglieder. (Stand: 03.12.2025) <img loading=\"lazy\" decoding=\"async\" src=\"..\/..\/images\/pcp.gif\" alt=\"\" width=\"10\" height=\"1\" border=\"0\" \/><\/p>\n<p>Wir w\u00fcnschen uns weitere Mitglieder, wann d\u00fcrfen wir Sie begr\u00fc\u00dfen?<\/p>\n<p>Werden Sie Mitglied im Schulverein!<\/p>\n","protected":false},"excerpt":{"rendered":"<p>Grundlegendes Unser Schulverein wurde 1991 gegr\u00fcndet und hat den Zweck, die Erziehungs- und Bildungsarbeit an der Wolfbuschschule ideell und materiell zu f\u00f6rdern und zu unterst\u00fctzen. Er ist laut Satzung ein [&hellip;]<\/p>\n","protected":false},"author":1,"featured_media":0,"parent":0,"menu_order":0,"comment_status":"closed","ping_status":"closed","template":"","meta":{"footnotes":"","_links_to":"","_links_to_target":""},"class_list":["post-7","page","type-page","status-publish","hentry"],"_links":{"self":[{"href":"http:\/\/www.schulverein-wolfbuschschule.de\/wordpress\/wp-json\/wp\/v2\/pages\/7","targetHints":{"allow":["GET"]}}],"collection":[{"href":"http:\/\/www.schulverein-wolfbuschschule.de\/wordpress\/wp-json\/wp\/v2\/pages"}],"about":[{"href":"http:\/\/www.schulverein-wolfbuschschule.de\/wordpress\/wp-json\/wp\/v2\/types\/page"}],"author":[{"embeddable":true,"href":"http:\/\/www.schulverein-wolfbuschschule.de\/wordpress\/wp-json\/wp\/v2\/users\/1"}],"replies":[{"embeddable":true,"href":"http:\/\/www.schulverein-wolfbuschschule.de\/wordpress\/wp-json\/wp\/v2\/comments?post=7"}],"version-history":[{"count":23,"href":"http:\/\/www.schulverein-wolfbuschschule.de\/wordpress\/wp-json\/wp\/v2\/pages\/7\/revisions"}],"predecessor-version":[{"id":1211,"href":"http:\/\/www.schulverein-wolfbuschschule.de\/wordpress\/wp-json\/wp\/v2\/pages\/7\/revisions\/1211"}],"wp:attachment":[{"href":"http:\/\/www.schulverein-wolfbuschschule.de\/wordpress\/wp-json\/wp\/v2\/media?parent=7"}],"curies":[{"name":"wp","href":"https:\/\/api.w.org\/{rel}","templated":true}]}}