{"id":9,"date":"2010-05-10T20:02:07","date_gmt":"2010-05-10T17:02:07","guid":{"rendered":"http:\/\/www.schulverein-wolfbuschschule.de\/wordpress\/?page_id=9"},"modified":"2020-07-30T15:43:40","modified_gmt":"2020-07-30T13:43:40","slug":"projekte","status":"publish","type":"page","link":"http:\/\/www.schulverein-wolfbuschschule.de\/wordpress\/der-verein\/projekte\/","title":{"rendered":"Projekte des Schulvereins"},"content":{"rendered":"<p>Der Schulverein mit Power<\/p>\n<p><strong>Bisherige Leistungen des Schulvereins:<\/strong><\/p>\n<ul>\n<li><strong>48.000. &#8211; \u20ac<\/strong> wurden bis heute f\u00fcr das Projekt &#8218; Haltungs- und Bewegungserziehung&#8216; (ergonomische Schulm\u00f6bel) zusammengetragen und an die Stadt Stuttgart \u00fcberwiesen. F\u00fcr das Gesundheitsprojekt erhielten Schule und Schulverein\u00a0zwei Auszeichnungen: den <strong>AOK Gesundheitspreis\u00a0<\/strong>und den <strong>Stuttgarter GEK Gesundheitspreis <\/strong>.<\/li>\n<li><strong>9.100.- \u20ac<\/strong> wurden aufgewandt unter anderem f\u00fcr die Druck &#8211; AG, die Garten &#8211; AG, die Schul-B\u00fccherei sowie f\u00fcr Computer &#8211; Ausstattung, Schulk\u00fcche\u00a0und das Faustlos-Projekt.<\/li>\n<li><strong>14.100.- \u20ac <\/strong> wurden im Rahmen von Familien &#8211; Unterst\u00fctzungen in besonderen Situationen (Schullandheim &#8211; Aufenthalten , Klassenfahrten, Streitschlichter-Projekt, Studienfahrten sowie Zusch\u00fcsse im Rahmen des europ\u00e4ischen\u00a0Comenius-Projektes und der BIKLA Klassen) eingesetzt. Unterst\u00fctzt haben wir auch durch Preise f\u00fcr Klassenbeste bzw. Sozialpreise, also soziales Engagement an der Schule.<\/li>\n<li><strong>12.775.- \u20ac<\/strong> konnten zur Anschaffung unserer neuen B\u00fchnenelemente bereitgestellt werden. Sowie Ger\u00e4te \/ M\u00f6bel\/ Pavillons\u00a0f\u00fcr Schulveranstaltungen und den Sitzauflagen f\u00fcr das gr\u00fcne Klassenzimmer.<\/li>\n<li>Wir sind dabei &#8230;&#8230;. bei den Schulfesten, europ\u00e4ischen Schulprojekten, beim Weilimdorfer Weihnachtsmarkt, bei Veranstaltungen der BIKLA Klassen, Tag der offenen T\u00fcr an der Wolfbuschschule, Einschulungs- und Abschlussfeiern.<\/li>\n<li>Wir,\u00a0 der Schulverein f\u00f6rdert nun auch (seit 2018) in jeder Klassenstufe j\u00e4hrlich ein Projekt \u00a0 zum Beispiel:\u00a0 Nein hei\u00dft Nein;\u00a0 Wilhelma Besuch, Pausenengel oder\u00a0 M\u00e4dchengesundheitsladen \/ Jungen im Blick.<\/li>\n<\/ul>\n","protected":false},"excerpt":{"rendered":"<p>Der Schulverein mit Power Bisherige Leistungen des Schulvereins: 48.000. &#8211; \u20ac wurden bis heute f\u00fcr das Projekt &#8218; Haltungs- und Bewegungserziehung&#8216; (ergonomische Schulm\u00f6bel) zusammengetragen und an die Stadt Stuttgart \u00fcberwiesen. [&hellip;]<\/p>\n","protected":false},"author":1,"featured_media":0,"parent":7,"menu_order":0,"comment_status":"closed","ping_status":"closed","template":"","meta":{"footnotes":"","_links_to":"","_links_to_target":""},"class_list":["post-9","page","type-page","status-publish","hentry"],"_links":{"self":[{"href":"http:\/\/www.schulverein-wolfbuschschule.de\/wordpress\/wp-json\/wp\/v2\/pages\/9","targetHints":{"allow":["GET"]}}],"collection":[{"href":"http:\/\/www.schulverein-wolfbuschschule.de\/wordpress\/wp-json\/wp\/v2\/pages"}],"about":[{"href":"http:\/\/www.schulverein-wolfbuschschule.de\/wordpress\/wp-json\/wp\/v2\/types\/page"}],"author":[{"embeddable":true,"href":"http:\/\/www.schulverein-wolfbuschschule.de\/wordpress\/wp-json\/wp\/v2\/users\/1"}],"replies":[{"embeddable":true,"href":"http:\/\/www.schulverein-wolfbuschschule.de\/wordpress\/wp-json\/wp\/v2\/comments?post=9"}],"version-history":[{"count":26,"href":"http:\/\/www.schulverein-wolfbuschschule.de\/wordpress\/wp-json\/wp\/v2\/pages\/9\/revisions"}],"predecessor-version":[{"id":814,"href":"http:\/\/www.schulverein-wolfbuschschule.de\/wordpress\/wp-json\/wp\/v2\/pages\/9\/revisions\/814"}],"up":[{"embeddable":true,"href":"http:\/\/www.schulverein-wolfbuschschule.de\/wordpress\/wp-json\/wp\/v2\/pages\/7"}],"wp:attachment":[{"href":"http:\/\/www.schulverein-wolfbuschschule.de\/wordpress\/wp-json\/wp\/v2\/media?parent=9"}],"curies":[{"name":"wp","href":"https:\/\/api.w.org\/{rel}","templated":true}]}}